{"id":208,"date":"2020-09-11T18:05:13","date_gmt":"2020-09-11T18:05:13","guid":{"rendered":"http:\/\/www.stoniamarble.com\/?page_id=208"},"modified":"2020-09-12T20:38:29","modified_gmt":"2020-09-12T20:38:29","slug":"contact-us","status":"publish","type":"page","link":"https:\/\/www.stoniamarble.com\/?page_id=208","title":{"rendered":"Contact"},"content":{"rendered":"\n<p class=\"has-text-align-center\">Get in Touch<\/p>\n\n\n\n<div class=\"wp-block-group\"><div class=\"wp-block-group__inner-container\">\n<p class=\"has-text-align-center\"><strong>E-Mail<\/strong> <\/p>\n<\/div><\/div>\n\n\n\n<p class=\"has-text-align-center\">info@stoniamarble.com<\/p>\n\n\n\n<p><\/p>\n\n\n\n<p class=\"has-text-align-center\"><strong>Address<\/strong><\/p>\n\n\n\n<p class=\"has-text-align-center\">Malte Business Center<\/p>\n\n\n\n<p class=\"has-text-align-center\">Ba\u011flarba\u015f\u0131 Mh. Sakarya Sk. Malte Plaza No:35\/1 Maltepe\/\u0130stanbul<\/p>\n\n\n\n<p><\/p>\n\n\n\n<p class=\"has-text-align-center\"><strong>Phone<\/strong><\/p>\n\n\n\n<p class=\"has-text-align-center\">+90 (530) 776 83 82<\/p>\n\n\n\n<iframe src=\"https:\/\/www.google.com\/maps\/embed?pb=!1m18!1m12!1m3!1d3014.167909441224!2d29.135797634985718!3d40.93398707431459!2m3!1f0!2f0!3f0!3m2!1i1024!2i768!4f13.1!3m3!1m2!1s0x14cac69e243b42fd%3A0x68ab8d7dcdc0e554!2sMALTE%20BUSINESS%20CENTER!5e0!3m2!1str!2str!4v1599849074990!5m2!1str!2str\" width=\"100%\" height=\"450\" frameborder=\"0\" style=\"border:0;\" allowfullscreen=\"\" aria-hidden=\"false\" tabindex=\"0\"><\/iframe>\n","protected":false},"excerpt":{"rendered":"<p>Get in Touch info@stoniamarble.com Address Malte Business Center Ba\u011flarba\u015f\u0131 Mh. Sakarya Sk. Malte Plaza No:35\/1 Maltepe\/\u0130stanbul Phone +90 (530) 776 83 82<\/p>\n","protected":false},"author":1,"featured_media":0,"parent":0,"menu_order":0,"comment_status":"closed","ping_status":"closed","template":"","meta":[],"_links":{"self":[{"href":"https:\/\/www.stoniamarble.com\/index.php?rest_route=\/wp\/v2\/pages\/208"}],"collection":[{"href":"https:\/\/www.stoniamarble.com\/index.php?rest_route=\/wp\/v2\/pages"}],"about":[{"href":"https:\/\/www.stoniamarble.com\/index.php?rest_route=\/wp\/v2\/types\/page"}],"author":[{"embeddable":true,"href":"https:\/\/www.stoniamarble.com\/index.php?rest_route=\/wp\/v2\/users\/1"}],"replies":[{"embeddable":true,"href":"https:\/\/www.stoniamarble.com\/index.php?rest_route=%2Fwp%2Fv2%2Fcomments&post=208"}],"version-history":[{"count":44,"href":"https:\/\/www.stoniamarble.com\/index.php?rest_route=\/wp\/v2\/pages\/208\/revisions"}],"predecessor-version":[{"id":278,"href":"https:\/\/www.stoniamarble.com\/index.php?rest_route=\/wp\/v2\/pages\/208\/revisions\/278"}],"wp:attachment":[{"href":"https:\/\/www.stoniamarble.com\/index.php?rest_route=%2Fwp%2Fv2%2Fmedia&parent=208"}],"curies":[{"name":"wp","href":"https:\/\/api.w.org\/{rel}","templated":true}]}}